{"id":10274,"date":"2009-02-10T18:38:49","date_gmt":"2009-02-10T23:38:49","guid":{"rendered":"https:\/\/mycolombianrecip.wpsc.site\/?page_id=10274"},"modified":"2025-10-30T11:47:14","modified_gmt":"2025-10-30T15:47:14","slug":"acerca","status":"publish","type":"page","link":"https:\/\/www.mycolombianrecipes.com\/es\/acerca\/","title":{"rendered":"Acerca"},"content":{"rendered":"\n<h4 class=\"wp-block-heading\" id=\"h-hola-y-bienvenidos-a-my-colombian-recipes-en-espanol-espero-que-disfruten-de-su-visita\">Hola y bienvenidos a My Colombian Recipes en Espa\u00f1ol. Espero que disfruten de su visita!<\/h4>\n\n\n<div class=\"wp-block-image\">\n<figure class=\"aligncenter\"><a href=\"https:\/\/www.mycolombianrecipes.com\/wp-content\/uploads\/2019\/03\/Erica-Dinho-Headshot.jpg\"><img decoding=\"async\" width=\"1000\" height=\"986\" src=\"https:\/\/www.mycolombianrecipes.com\/wp-content\/uploads\/2019\/03\/Erica-Dinho-Headshot.jpg\" alt=\"\" class=\"wp-image-21519\" srcset=\"https:\/\/www.mycolombianrecipes.com\/wp-content\/uploads\/2019\/03\/Erica-Dinho-Headshot.jpg 1000w, https:\/\/www.mycolombianrecipes.com\/wp-content\/uploads\/2019\/03\/Erica-Dinho-Headshot-300x296.jpg 300w, https:\/\/www.mycolombianrecipes.com\/wp-content\/uploads\/2019\/03\/Erica-Dinho-Headshot-768x757.jpg 768w\" sizes=\"(max-width: 1000px) 100vw, 1000px\" \/><\/a><\/figure>\n<\/div>\n\n\n<p><br>Hola y Bienvenidos a Mis Recetas Colombianas. \u00a1Espero que disfrutes tu visita!<\/p>\n\n\n\n<p>Mi nombre es Erica, nac\u00ed y crec\u00ed en Medell\u00edn, Colombia. Me mud\u00e9 a los Estados Unidos en el a\u00f1o 2000. Vivo en Connecticut con mi esposo y nuestros dos hijos. No soy una chef profesional. Mi formaci\u00f3n es en Hoteler\u00eda y Turismo, y Mercadeo. <\/p>\n\n\n\n<p>Publiqu\u00e9 mi primer libro de cocina \u201c<a href=\"https:\/\/amzn.to\/47tfcgL\">Yo Cocino Latino<\/a>: las mejores recetas de 5 blogs populares de cocina hispana (edici\u00f3n en espa\u00f1ol)\u201d en el a\u00f1o 2021 con Penguin Random House.<\/p>\n\n\n\n<p>Al crecer en Colombia, cocinar siempre fue importante en nuestra familia. Nos reun\u00edamos en la casa de mi mamita todos los fines de semana, donde ella cocinaba platos tradicionales colombianos que han seguido siendo los favoritos de la familia muchos a\u00f1os despu\u00e9s.<\/p>\n\n\n<div class=\"wp-block-image\">\n<figure class=\"alignleft\"><img decoding=\"async\" width=\"199\" height=\"300\" src=\"https:\/\/www.mycolombianrecipes.com\/wp-content\/uploads\/2009\/02\/Copy-2-of-Mamita.jpg\" alt=\"Copy (2) of Mamita\" class=\"wp-image-1661\" title=\"Copy (2) of Mamita\"\/><\/figure>\n<\/div>\n\n\n<p><strong>Acerca del Blog<\/strong><\/p>\n\n\n\n<p>Este blog fue creado en febrero del 2009 y fue inspirado por mi mamita&nbsp; que era una incre\u00edble cocinera colombiana . Nunca vi a mamita cocinar de una receta . Ella siempre cocinaba con los ingredientes que se encontraba en la cocina. Mi esperanza es que la gente de otros pa\u00edses descubran la comida colombiana y que aprendan m\u00e1s acerca de nuestra hermosa cultura y tradiciones. Cocinar la comida tradicional colombiana me conecta con mi cultura y me permite compartir mi herencia con mi familia americana.<\/p>\n\n\n\n<p>Mis recetas no se limitan a la comida tradicional colombiana. Tengo muchas otras recetas de platos que representan a otros pa\u00edses&nbsp; que disfruto cocinar para mi familia y amigos, que tambi\u00e9n voy a compartir con ustedes. Las fuentes de la mayor\u00eda de mis recetas son mi familia, mis amigos y mis propias creaciones y experimentos , pero si cocino un plato de un programa de televisi\u00f3n , de una revista , o un libro de cocina , voy a citar la fuente. Todas las im\u00e1genes y los post son hechos por m\u00ed. El webmaster de mis recetas colombianas es mi esposo, que no recibe mucho cr\u00e9dito pero \u00e9l se encarga de toda la parte t\u00e9cnica del blog.<\/p>\n\n\n\n<p><strong><em>Comentarios y correos electr\u00f3nicos<\/em><\/strong><\/p>\n\n\n\n<p>Agradezco todos sus comentarios, sugerencias y los e-mails. No siempre puedo responder a cada uno de ellos, pero har\u00e9 mi mejor esfuerzo para responder a sus preguntas lo antes posible. Aunque aprecio la cr\u00edtica constructiva, se eliminar\u00e1n los comentarios groseros y no se publicaran. Recuerde que tambi\u00e9n puede suscribirse a My Colombian Recipes en Espa\u00f1ol por <a href=\"https:\/\/mad.ly\/signups\/106818\/join\" target=\"_blank\" rel=\"noopener noreferrer\">correo electr\u00f3nico<\/a> para que no se pierdan ninguna receta! Gracias por su visita.<\/p>\n\n\n\n<p><strong>S\u00edgueme en <a href=\"https:\/\/www.facebook.com\/login\/?next=https%3A%2F%2Fwww.facebook.com%2Fmisrecetascolombianas\" target=\"_blank\" rel=\"noopener noreferrer\">Facebook<\/a>, <a href=\"https:\/\/twitter.com\/#!\/colombianrecipe\" target=\"_blank\" rel=\"nofollow noopener noreferrer\">Twitter<\/a> , <a href=\"https:\/\/www.youtube.com\/c\/MyColombianRecipesVideos\">YouTube<\/a>, <a href=\"https:\/\/www.instagram.com\/accounts\/login\/\" target=\"_blank\" rel=\"noopener noreferrer\">Instagram<\/a> y <a href=\"https:\/\/www.pinterest.com\/ericadinho\/\" target=\"_blank\" rel=\"nofollow noopener noreferrer\">Pinterest<\/a>.<\/strong><\/p>\n\n\n\n<p><\/p>\n","protected":false},"excerpt":{"rendered":"<p>Hola y bienvenidos a My Colombian Recipes en Espa\u00f1ol. Espero que disfruten de su visita! Hola y Bienvenidos a Mis Recetas Colombianas. \u00a1Espero que disfrutes tu visita! Mi nombre es Erica, nac\u00ed y crec\u00ed en Medell\u00edn, Colombia. Me mud\u00e9 a los Estados Unidos en el a\u00f1o 2000. Vivo en Connecticut con mi esposo y nuestros...<\/p>\n<p><a class=\"more-link\" href=\"https:\/\/www.mycolombianrecipes.com\/es\/acerca\/\">Read More<\/a><\/p>\n","protected":false},"author":13,"featured_media":0,"parent":0,"menu_order":0,"comment_status":"open","ping_status":"closed","template":"","meta":{"wprm-recipe-roundup-name":"","wprm-recipe-roundup-description":"","_genesis_hide_title":false,"_genesis_hide_breadcrumbs":false,"_genesis_hide_singular_image":false,"_genesis_hide_footer_widgets":false,"_genesis_custom_body_class":"","_genesis_custom_post_class":"","_genesis_layout":"","footnotes":""},"class_list":{"0":"post-10274","1":"page","2":"type-page","3":"status-publish","5":"entry","6":"has-post-thumbnail"},"yoast_head":"<title>Acerca<\/title>\n<meta name=\"description\" content=\"Mi nombre es Erica Dinho, y bienvenidos a mi Recetas colombianas, el hogar de las mejores recetas tradicionales colombianas, todas con fotos a color y escritas en Ingl\u00e9s y espa\u00f1ol.\" \/>\n<meta name=\"robots\" content=\"index, follow, max-snippet:-1, max-image-preview:large, max-video-preview:-1\" \/>\n<link rel=\"canonical\" href=\"https:\/\/www.mycolombianrecipes.com\/es\/acerca\/\" \/>\n<meta property=\"og:locale\" content=\"es_ES\" \/>\n<meta property=\"og:type\" content=\"article\" \/>\n<meta property=\"og:title\" content=\"Acerca\" \/>\n<meta property=\"og:description\" content=\"Mi nombre es Erica Dinho, y bienvenidos a mi Recetas colombianas, el hogar de las mejores recetas tradicionales colombianas, todas con fotos a color y escritas en Ingl\u00e9s y espa\u00f1ol.\" \/>\n<meta property=\"og:url\" content=\"https:\/\/www.mycolombianrecipes.com\/es\/acerca\/\" \/>\n<meta property=\"og:site_name\" content=\"My Colombian Recipes\" \/>\n<meta property=\"article:publisher\" content=\"https:\/\/www.facebook.com\/mycolombianrecipes\/\" \/>\n<meta property=\"article:modified_time\" content=\"2025-10-30T15:47:14+00:00\" \/>\n<meta property=\"og:image\" content=\"https:\/\/www.mycolombianrecipes.com\/wp-content\/uploads\/2019\/03\/Erica-Dinho-Headshot.jpg\" \/>\n\t<meta property=\"og:image:width\" content=\"1000\" \/>\n\t<meta property=\"og:image:height\" content=\"986\" \/>\n\t<meta property=\"og:image:type\" content=\"image\/jpeg\" \/>\n<meta name=\"twitter:card\" content=\"summary_large_image\" \/>\n<meta name=\"twitter:site\" content=\"@colombianrecipe\" \/>\n<meta name=\"twitter:label1\" content=\"Est. reading time\" \/>\n\t<meta name=\"twitter:data1\" content=\"3 minutes\" \/>\n<script type=\"application\/ld+json\" class=\"yoast-schema-graph\">{\"@context\":\"https:\\\/\\\/schema.org\",\"@graph\":[{\"@type\":\"WebPage\",\"@id\":\"https:\\\/\\\/www.mycolombianrecipes.com\\\/es\\\/acerca\\\/\",\"url\":\"https:\\\/\\\/www.mycolombianrecipes.com\\\/es\\\/acerca\\\/\",\"name\":\"Acerca\",\"isPartOf\":{\"@id\":\"https:\\\/\\\/www.mycolombianrecipes.com\\\/es\\\/#website\"},\"primaryImageOfPage\":{\"@id\":\"https:\\\/\\\/www.mycolombianrecipes.com\\\/es\\\/acerca\\\/#primaryimage\"},\"image\":{\"@id\":\"https:\\\/\\\/www.mycolombianrecipes.com\\\/es\\\/acerca\\\/#primaryimage\"},\"thumbnailUrl\":\"https:\\\/\\\/www.mycolombianrecipes.com\\\/wp-content\\\/uploads\\\/2019\\\/03\\\/Erica-Dinho-Headshot.jpg\",\"datePublished\":\"2009-02-10T23:38:49+00:00\",\"dateModified\":\"2025-10-30T15:47:14+00:00\",\"description\":\"Mi nombre es Erica Dinho, y bienvenidos a mi Recetas colombianas, el hogar de las mejores recetas tradicionales colombianas, todas con fotos a color y escritas en Ingl\u00e9s y espa\u00f1ol.\",\"breadcrumb\":{\"@id\":\"https:\\\/\\\/www.mycolombianrecipes.com\\\/es\\\/acerca\\\/#breadcrumb\"},\"inLanguage\":\"es\",\"potentialAction\":[{\"@type\":\"ReadAction\",\"target\":[\"https:\\\/\\\/www.mycolombianrecipes.com\\\/es\\\/acerca\\\/\"]}]},{\"@type\":\"ImageObject\",\"inLanguage\":\"es\",\"@id\":\"https:\\\/\\\/www.mycolombianrecipes.com\\\/es\\\/acerca\\\/#primaryimage\",\"url\":\"https:\\\/\\\/www.mycolombianrecipes.com\\\/wp-content\\\/uploads\\\/2019\\\/03\\\/Erica-Dinho-Headshot.jpg\",\"contentUrl\":\"https:\\\/\\\/www.mycolombianrecipes.com\\\/wp-content\\\/uploads\\\/2019\\\/03\\\/Erica-Dinho-Headshot.jpg\"},{\"@type\":\"BreadcrumbList\",\"@id\":\"https:\\\/\\\/www.mycolombianrecipes.com\\\/es\\\/acerca\\\/#breadcrumb\",\"itemListElement\":[{\"@type\":\"ListItem\",\"position\":1,\"name\":\"My Colombian Recipes\",\"item\":\"https:\\\/\\\/www.mycolombianrecipes.com\\\/es\\\/\"},{\"@type\":\"ListItem\",\"position\":2,\"name\":\"Acerca\"}]},{\"@type\":\"WebSite\",\"@id\":\"https:\\\/\\\/www.mycolombianrecipes.com\\\/es\\\/#website\",\"url\":\"https:\\\/\\\/www.mycolombianrecipes.com\\\/es\\\/\",\"name\":\"My Colombian Recipes\",\"description\":\"Colombian and Latin Food Recipes\",\"publisher\":{\"@id\":\"https:\\\/\\\/www.mycolombianrecipes.com\\\/es\\\/#organization\"},\"potentialAction\":[{\"@type\":\"SearchAction\",\"target\":{\"@type\":\"EntryPoint\",\"urlTemplate\":\"https:\\\/\\\/www.mycolombianrecipes.com\\\/es\\\/?s={search_term_string}\"},\"query-input\":{\"@type\":\"PropertyValueSpecification\",\"valueRequired\":true,\"valueName\":\"search_term_string\"}}],\"inLanguage\":\"es\"},{\"@type\":\"Organization\",\"@id\":\"https:\\\/\\\/www.mycolombianrecipes.com\\\/es\\\/#organization\",\"name\":\"My Colombian Recipes\",\"url\":\"https:\\\/\\\/www.mycolombianrecipes.com\\\/es\\\/\",\"logo\":{\"@type\":\"ImageObject\",\"inLanguage\":\"es\",\"@id\":\"https:\\\/\\\/www.mycolombianrecipes.com\\\/es\\\/#\\\/schema\\\/logo\\\/image\\\/\",\"url\":\"https:\\\/\\\/www.mycolombianrecipes.com\\\/wp-content\\\/uploads\\\/2021\\\/05\\\/logo.png\",\"contentUrl\":\"https:\\\/\\\/www.mycolombianrecipes.com\\\/wp-content\\\/uploads\\\/2021\\\/05\\\/logo.png\",\"width\":350,\"height\":167,\"caption\":\"My Colombian Recipes\"},\"image\":{\"@id\":\"https:\\\/\\\/www.mycolombianrecipes.com\\\/es\\\/#\\\/schema\\\/logo\\\/image\\\/\"},\"sameAs\":[\"https:\\\/\\\/www.facebook.com\\\/mycolombianrecipes\\\/\",\"https:\\\/\\\/x.com\\\/colombianrecipe\",\"https:\\\/\\\/www.instagram.com\\\/mycolombianrecipes\\\/\",\"https:\\\/\\\/www.pinterest.com\\\/ericadinho\\\/\",\"https:\\\/\\\/www.youtube.com\\\/c\\\/MyColombianRecipesVideos\"]}]}<\/script>","yoast_head_json":{"title":"Acerca","description":"Mi nombre es Erica Dinho, y bienvenidos a mi Recetas colombianas, el hogar de las mejores recetas tradicionales colombianas, todas con fotos a color y escritas en Ingl\u00e9s y espa\u00f1ol.","robots":{"index":"index","follow":"follow","max-snippet":"max-snippet:-1","max-image-preview":"max-image-preview:large","max-video-preview":"max-video-preview:-1"},"canonical":"https:\/\/www.mycolombianrecipes.com\/es\/acerca\/","og_locale":"es_ES","og_type":"article","og_title":"Acerca","og_description":"Mi nombre es Erica Dinho, y bienvenidos a mi Recetas colombianas, el hogar de las mejores recetas tradicionales colombianas, todas con fotos a color y escritas en Ingl\u00e9s y espa\u00f1ol.","og_url":"https:\/\/www.mycolombianrecipes.com\/es\/acerca\/","og_site_name":"My Colombian Recipes","article_publisher":"https:\/\/www.facebook.com\/mycolombianrecipes\/","article_modified_time":"2025-10-30T15:47:14+00:00","og_image":[{"width":1000,"height":986,"url":"https:\/\/www.mycolombianrecipes.com\/wp-content\/uploads\/2019\/03\/Erica-Dinho-Headshot.jpg","type":"image\/jpeg"}],"twitter_card":"summary_large_image","twitter_site":"@colombianrecipe","twitter_misc":{"Est. reading time":"3 minutes"},"schema":{"@context":"https:\/\/schema.org","@graph":[{"@type":"WebPage","@id":"https:\/\/www.mycolombianrecipes.com\/es\/acerca\/","url":"https:\/\/www.mycolombianrecipes.com\/es\/acerca\/","name":"Acerca","isPartOf":{"@id":"https:\/\/www.mycolombianrecipes.com\/es\/#website"},"primaryImageOfPage":{"@id":"https:\/\/www.mycolombianrecipes.com\/es\/acerca\/#primaryimage"},"image":{"@id":"https:\/\/www.mycolombianrecipes.com\/es\/acerca\/#primaryimage"},"thumbnailUrl":"https:\/\/www.mycolombianrecipes.com\/wp-content\/uploads\/2019\/03\/Erica-Dinho-Headshot.jpg","datePublished":"2009-02-10T23:38:49+00:00","dateModified":"2025-10-30T15:47:14+00:00","description":"Mi nombre es Erica Dinho, y bienvenidos a mi Recetas colombianas, el hogar de las mejores recetas tradicionales colombianas, todas con fotos a color y escritas en Ingl\u00e9s y espa\u00f1ol.","breadcrumb":{"@id":"https:\/\/www.mycolombianrecipes.com\/es\/acerca\/#breadcrumb"},"inLanguage":"es","potentialAction":[{"@type":"ReadAction","target":["https:\/\/www.mycolombianrecipes.com\/es\/acerca\/"]}]},{"@type":"ImageObject","inLanguage":"es","@id":"https:\/\/www.mycolombianrecipes.com\/es\/acerca\/#primaryimage","url":"https:\/\/www.mycolombianrecipes.com\/wp-content\/uploads\/2019\/03\/Erica-Dinho-Headshot.jpg","contentUrl":"https:\/\/www.mycolombianrecipes.com\/wp-content\/uploads\/2019\/03\/Erica-Dinho-Headshot.jpg"},{"@type":"BreadcrumbList","@id":"https:\/\/www.mycolombianrecipes.com\/es\/acerca\/#breadcrumb","itemListElement":[{"@type":"ListItem","position":1,"name":"My Colombian Recipes","item":"https:\/\/www.mycolombianrecipes.com\/es\/"},{"@type":"ListItem","position":2,"name":"Acerca"}]},{"@type":"WebSite","@id":"https:\/\/www.mycolombianrecipes.com\/es\/#website","url":"https:\/\/www.mycolombianrecipes.com\/es\/","name":"My Colombian Recipes","description":"Colombian and Latin Food Recipes","publisher":{"@id":"https:\/\/www.mycolombianrecipes.com\/es\/#organization"},"potentialAction":[{"@type":"SearchAction","target":{"@type":"EntryPoint","urlTemplate":"https:\/\/www.mycolombianrecipes.com\/es\/?s={search_term_string}"},"query-input":{"@type":"PropertyValueSpecification","valueRequired":true,"valueName":"search_term_string"}}],"inLanguage":"es"},{"@type":"Organization","@id":"https:\/\/www.mycolombianrecipes.com\/es\/#organization","name":"My Colombian Recipes","url":"https:\/\/www.mycolombianrecipes.com\/es\/","logo":{"@type":"ImageObject","inLanguage":"es","@id":"https:\/\/www.mycolombianrecipes.com\/es\/#\/schema\/logo\/image\/","url":"https:\/\/www.mycolombianrecipes.com\/wp-content\/uploads\/2021\/05\/logo.png","contentUrl":"https:\/\/www.mycolombianrecipes.com\/wp-content\/uploads\/2021\/05\/logo.png","width":350,"height":167,"caption":"My Colombian Recipes"},"image":{"@id":"https:\/\/www.mycolombianrecipes.com\/es\/#\/schema\/logo\/image\/"},"sameAs":["https:\/\/www.facebook.com\/mycolombianrecipes\/","https:\/\/x.com\/colombianrecipe","https:\/\/www.instagram.com\/mycolombianrecipes\/","https:\/\/www.pinterest.com\/ericadinho\/","https:\/\/www.youtube.com\/c\/MyColombianRecipesVideos"]}]}},"_links":{"self":[{"href":"https:\/\/www.mycolombianrecipes.com\/es\/wp-json\/wp\/v2\/pages\/10274","targetHints":{"allow":["GET"]}}],"collection":[{"href":"https:\/\/www.mycolombianrecipes.com\/es\/wp-json\/wp\/v2\/pages"}],"about":[{"href":"https:\/\/www.mycolombianrecipes.com\/es\/wp-json\/wp\/v2\/types\/page"}],"author":[{"embeddable":true,"href":"https:\/\/www.mycolombianrecipes.com\/es\/wp-json\/wp\/v2\/users\/13"}],"replies":[{"embeddable":true,"href":"https:\/\/www.mycolombianrecipes.com\/es\/wp-json\/wp\/v2\/comments?post=10274"}],"version-history":[{"count":0,"href":"https:\/\/www.mycolombianrecipes.com\/es\/wp-json\/wp\/v2\/pages\/10274\/revisions"}],"wp:attachment":[{"href":"https:\/\/www.mycolombianrecipes.com\/es\/wp-json\/wp\/v2\/media?parent=10274"}],"curies":[{"name":"wp","href":"https:\/\/api.w.org\/{rel}","templated":true}]}}