{"id":26552,"date":"2021-02-09T11:34:12","date_gmt":"2021-02-09T16:34:12","guid":{"rendered":"http:\/\/mycolombianrecip.wpsc.site\/?page_id=26552"},"modified":"2021-07-11T05:22:44","modified_gmt":"2021-07-11T09:22:44","slug":"mi-libro","status":"publish","type":"page","link":"https:\/\/www.mycolombianrecipes.com\/es\/mi-libro\/","title":{"rendered":"Mi Libro"},"content":{"rendered":"<p>Yo Cocino Latino: Las mejores recetas de cinco populares blogs de cocina hispana <\/p>\n\n\n<figure class=\"wp-block-image size-large\"><img decoding=\"async\" width=\"1024\" height=\"576\" src=\"https:\/\/www.mycolombianrecipes.com\/wp-content\/uploads\/2021\/02\/Cover-1024x576.png\" alt=\"Yo Cocino Latino\" class=\"wp-image-26551\" srcset=\"https:\/\/www.mycolombianrecipes.com\/wp-content\/uploads\/2021\/02\/Cover-1024x576.png 1024w, https:\/\/www.mycolombianrecipes.com\/wp-content\/uploads\/2021\/02\/Cover-300x169.png 300w, https:\/\/www.mycolombianrecipes.com\/wp-content\/uploads\/2021\/02\/Cover-768x432.png 768w, https:\/\/www.mycolombianrecipes.com\/wp-content\/uploads\/2021\/02\/Cover.png 1280w\" sizes=\"(max-width: 1024px) 100vw, 1024px\" \/><\/figure>\n\n\n<p>Seguro en tus redes sociales has visto platillos que te propones probar alg\u00fan d\u00eda\u2026 \u00a1y luego no encuentras c\u00f3mo prepararlos! Yo cocino latino pone al alcance de tus manos 68 deliciosas recetas de cinco populares blogs de cocina:<\/p>\n<p>La cocina de Vero<br \/>My Colombian Recipes<br \/>Simple by Clara<br \/>Piloncillo&amp;Vainilla<br \/>Recetas de Laylita<\/p>\n<p>Vero, Erica, Clara, Alejandra y Laylita comparten recetas f\u00e1ciles y consejos pr\u00e1cticos para que puedas preparar apetitosos platos de la cocina cubana y la mexicana, as\u00ed como de la cocina dominicana, la colombiana y la ecuatoriana. Tambi\u00e9n encontrar\u00e1s platillos internacionales y veganos.<\/p>\n<p>Disfruta el regalo de la buena mesa que te brindan estas cinco blogueras. Deja que te inspiren a compartir con tus seres queridos recetas para comenzar el d\u00eda, para el d\u00eda a d\u00eda, para el fin de semana, para celebrar, para picar y para endulzar la vida.<\/p>\n<p>\u00a1Yo cocino latino es una deliciosa manera de mantener vivas nuestras tradiciones!<\/p>\n<p><a href=\"https:\/\/sites.prh.com\/yococinolatino\" target=\"_blank\" rel=\"noopener\">\u00a1C\u00f3mpralo ahora!<\/a><\/p>\n\n\n<p><\/p>\n","protected":false},"excerpt":{"rendered":"<p>Yo Cocino Latino: Las mejores recetas de cinco populares blogs de cocina hispana Seguro en tus redes sociales has visto platillos que te propones probar alg\u00fan d\u00eda\u2026 \u00a1y luego no encuentras c\u00f3mo prepararlos! Yo cocino latino pone al alcance de tus manos 68 deliciosas recetas de cinco populares blogs de cocina: La cocina de VeroMy...<\/p>\n<p><a class=\"more-link\" href=\"https:\/\/www.mycolombianrecipes.com\/es\/mi-libro\/\">Read More<\/a><\/p>\n","protected":false},"author":1,"featured_media":0,"parent":0,"menu_order":0,"comment_status":"closed","ping_status":"closed","template":"","meta":{"wprm-recipe-roundup-name":"","wprm-recipe-roundup-description":"","_genesis_hide_title":false,"_genesis_hide_breadcrumbs":false,"_genesis_hide_singular_image":false,"_genesis_hide_footer_widgets":false,"_genesis_custom_body_class":"","_genesis_custom_post_class":"","_genesis_layout":"","footnotes":""},"class_list":{"0":"post-26552","1":"page","2":"type-page","3":"status-publish","5":"entry","6":"has-post-thumbnail"},"yoast_head":"<title>Mi Libro - My Colombian Recipes<\/title>\n<meta name=\"robots\" content=\"index, follow, max-snippet:-1, max-image-preview:large, max-video-preview:-1\" \/>\n<link rel=\"canonical\" href=\"https:\/\/www.mycolombianrecipes.com\/es\/mi-libro\/\" \/>\n<meta property=\"og:locale\" content=\"es_ES\" \/>\n<meta property=\"og:type\" content=\"article\" \/>\n<meta property=\"og:title\" content=\"Mi Libro\" \/>\n<meta property=\"og:description\" content=\"Yo Cocino Latino: Las mejores recetas de cinco populares blogs de cocina hispana Seguro en tus redes sociales has visto platillos que te propones probar alg\u00fan d\u00eda\u2026 \u00a1y luego no encuentras c\u00f3mo prepararlos! Yo cocino latino pone al alcance de tus manos 68 deliciosas recetas de cinco populares blogs de cocina: La cocina de VeroMy...Read More\" \/>\n<meta property=\"og:url\" content=\"https:\/\/www.mycolombianrecipes.com\/es\/mi-libro\/\" \/>\n<meta property=\"og:site_name\" content=\"My Colombian Recipes\" \/>\n<meta property=\"article:publisher\" content=\"https:\/\/www.facebook.com\/mycolombianrecipes\/\" \/>\n<meta property=\"article:modified_time\" content=\"2021-07-11T09:22:44+00:00\" \/>\n<meta property=\"og:image\" content=\"https:\/\/www.mycolombianrecipes.com\/wp-content\/uploads\/2021\/02\/Cover-1024x576.png\" \/>\n<meta name=\"twitter:card\" content=\"summary_large_image\" \/>\n<meta name=\"twitter:site\" content=\"@colombianrecipe\" \/>\n<meta name=\"twitter:label1\" content=\"Est. reading time\" \/>\n\t<meta name=\"twitter:data1\" content=\"1 minute\" \/>\n<script type=\"application\/ld+json\" class=\"yoast-schema-graph\">{\"@context\":\"https:\\\/\\\/schema.org\",\"@graph\":[{\"@type\":\"WebPage\",\"@id\":\"https:\\\/\\\/www.mycolombianrecipes.com\\\/es\\\/mi-libro\\\/\",\"url\":\"https:\\\/\\\/www.mycolombianrecipes.com\\\/es\\\/mi-libro\\\/\",\"name\":\"Mi Libro - My Colombian Recipes\",\"isPartOf\":{\"@id\":\"https:\\\/\\\/www.mycolombianrecipes.com\\\/es\\\/#website\"},\"primaryImageOfPage\":{\"@id\":\"https:\\\/\\\/www.mycolombianrecipes.com\\\/es\\\/mi-libro\\\/#primaryimage\"},\"image\":{\"@id\":\"https:\\\/\\\/www.mycolombianrecipes.com\\\/es\\\/mi-libro\\\/#primaryimage\"},\"thumbnailUrl\":\"https:\\\/\\\/www.mycolombianrecipes.com\\\/wp-content\\\/uploads\\\/2021\\\/02\\\/Cover-1024x576.png\",\"datePublished\":\"2021-02-09T16:34:12+00:00\",\"dateModified\":\"2021-07-11T09:22:44+00:00\",\"breadcrumb\":{\"@id\":\"https:\\\/\\\/www.mycolombianrecipes.com\\\/es\\\/mi-libro\\\/#breadcrumb\"},\"inLanguage\":\"es\",\"potentialAction\":[{\"@type\":\"ReadAction\",\"target\":[\"https:\\\/\\\/www.mycolombianrecipes.com\\\/es\\\/mi-libro\\\/\"]}]},{\"@type\":\"ImageObject\",\"inLanguage\":\"es\",\"@id\":\"https:\\\/\\\/www.mycolombianrecipes.com\\\/es\\\/mi-libro\\\/#primaryimage\",\"url\":\"https:\\\/\\\/www.mycolombianrecipes.com\\\/wp-content\\\/uploads\\\/2021\\\/02\\\/Cover-1024x576.png\",\"contentUrl\":\"https:\\\/\\\/www.mycolombianrecipes.com\\\/wp-content\\\/uploads\\\/2021\\\/02\\\/Cover-1024x576.png\"},{\"@type\":\"BreadcrumbList\",\"@id\":\"https:\\\/\\\/www.mycolombianrecipes.com\\\/es\\\/mi-libro\\\/#breadcrumb\",\"itemListElement\":[{\"@type\":\"ListItem\",\"position\":1,\"name\":\"My Colombian Recipes\",\"item\":\"https:\\\/\\\/www.mycolombianrecipes.com\\\/es\\\/\"},{\"@type\":\"ListItem\",\"position\":2,\"name\":\"Mi Libro\"}]},{\"@type\":\"WebSite\",\"@id\":\"https:\\\/\\\/www.mycolombianrecipes.com\\\/es\\\/#website\",\"url\":\"https:\\\/\\\/www.mycolombianrecipes.com\\\/es\\\/\",\"name\":\"My Colombian Recipes\",\"description\":\"Colombian and Latin Food Recipes\",\"publisher\":{\"@id\":\"https:\\\/\\\/www.mycolombianrecipes.com\\\/es\\\/#organization\"},\"potentialAction\":[{\"@type\":\"SearchAction\",\"target\":{\"@type\":\"EntryPoint\",\"urlTemplate\":\"https:\\\/\\\/www.mycolombianrecipes.com\\\/es\\\/?s={search_term_string}\"},\"query-input\":{\"@type\":\"PropertyValueSpecification\",\"valueRequired\":true,\"valueName\":\"search_term_string\"}}],\"inLanguage\":\"es\"},{\"@type\":\"Organization\",\"@id\":\"https:\\\/\\\/www.mycolombianrecipes.com\\\/es\\\/#organization\",\"name\":\"My Colombian Recipes\",\"url\":\"https:\\\/\\\/www.mycolombianrecipes.com\\\/es\\\/\",\"logo\":{\"@type\":\"ImageObject\",\"inLanguage\":\"es\",\"@id\":\"https:\\\/\\\/www.mycolombianrecipes.com\\\/es\\\/#\\\/schema\\\/logo\\\/image\\\/\",\"url\":\"https:\\\/\\\/www.mycolombianrecipes.com\\\/wp-content\\\/uploads\\\/2021\\\/05\\\/logo.png\",\"contentUrl\":\"https:\\\/\\\/www.mycolombianrecipes.com\\\/wp-content\\\/uploads\\\/2021\\\/05\\\/logo.png\",\"width\":350,\"height\":167,\"caption\":\"My Colombian Recipes\"},\"image\":{\"@id\":\"https:\\\/\\\/www.mycolombianrecipes.com\\\/es\\\/#\\\/schema\\\/logo\\\/image\\\/\"},\"sameAs\":[\"https:\\\/\\\/www.facebook.com\\\/mycolombianrecipes\\\/\",\"https:\\\/\\\/x.com\\\/colombianrecipe\",\"https:\\\/\\\/www.instagram.com\\\/mycolombianrecipes\\\/\",\"https:\\\/\\\/www.pinterest.com\\\/ericadinho\\\/\",\"https:\\\/\\\/www.youtube.com\\\/c\\\/MyColombianRecipesVideos\"]}]}<\/script>","yoast_head_json":{"title":"Mi Libro - My Colombian Recipes","robots":{"index":"index","follow":"follow","max-snippet":"max-snippet:-1","max-image-preview":"max-image-preview:large","max-video-preview":"max-video-preview:-1"},"canonical":"https:\/\/www.mycolombianrecipes.com\/es\/mi-libro\/","og_locale":"es_ES","og_type":"article","og_title":"Mi Libro","og_description":"Yo Cocino Latino: Las mejores recetas de cinco populares blogs de cocina hispana Seguro en tus redes sociales has visto platillos que te propones probar alg\u00fan d\u00eda\u2026 \u00a1y luego no encuentras c\u00f3mo prepararlos! Yo cocino latino pone al alcance de tus manos 68 deliciosas recetas de cinco populares blogs de cocina: La cocina de VeroMy...Read More","og_url":"https:\/\/www.mycolombianrecipes.com\/es\/mi-libro\/","og_site_name":"My Colombian Recipes","article_publisher":"https:\/\/www.facebook.com\/mycolombianrecipes\/","article_modified_time":"2021-07-11T09:22:44+00:00","og_image":[{"url":"https:\/\/www.mycolombianrecipes.com\/wp-content\/uploads\/2021\/02\/Cover-1024x576.png","type":"","width":"","height":""}],"twitter_card":"summary_large_image","twitter_site":"@colombianrecipe","twitter_misc":{"Est. reading time":"1 minute"},"schema":{"@context":"https:\/\/schema.org","@graph":[{"@type":"WebPage","@id":"https:\/\/www.mycolombianrecipes.com\/es\/mi-libro\/","url":"https:\/\/www.mycolombianrecipes.com\/es\/mi-libro\/","name":"Mi Libro - My Colombian Recipes","isPartOf":{"@id":"https:\/\/www.mycolombianrecipes.com\/es\/#website"},"primaryImageOfPage":{"@id":"https:\/\/www.mycolombianrecipes.com\/es\/mi-libro\/#primaryimage"},"image":{"@id":"https:\/\/www.mycolombianrecipes.com\/es\/mi-libro\/#primaryimage"},"thumbnailUrl":"https:\/\/www.mycolombianrecipes.com\/wp-content\/uploads\/2021\/02\/Cover-1024x576.png","datePublished":"2021-02-09T16:34:12+00:00","dateModified":"2021-07-11T09:22:44+00:00","breadcrumb":{"@id":"https:\/\/www.mycolombianrecipes.com\/es\/mi-libro\/#breadcrumb"},"inLanguage":"es","potentialAction":[{"@type":"ReadAction","target":["https:\/\/www.mycolombianrecipes.com\/es\/mi-libro\/"]}]},{"@type":"ImageObject","inLanguage":"es","@id":"https:\/\/www.mycolombianrecipes.com\/es\/mi-libro\/#primaryimage","url":"https:\/\/www.mycolombianrecipes.com\/wp-content\/uploads\/2021\/02\/Cover-1024x576.png","contentUrl":"https:\/\/www.mycolombianrecipes.com\/wp-content\/uploads\/2021\/02\/Cover-1024x576.png"},{"@type":"BreadcrumbList","@id":"https:\/\/www.mycolombianrecipes.com\/es\/mi-libro\/#breadcrumb","itemListElement":[{"@type":"ListItem","position":1,"name":"My Colombian Recipes","item":"https:\/\/www.mycolombianrecipes.com\/es\/"},{"@type":"ListItem","position":2,"name":"Mi Libro"}]},{"@type":"WebSite","@id":"https:\/\/www.mycolombianrecipes.com\/es\/#website","url":"https:\/\/www.mycolombianrecipes.com\/es\/","name":"My Colombian Recipes","description":"Colombian and Latin Food Recipes","publisher":{"@id":"https:\/\/www.mycolombianrecipes.com\/es\/#organization"},"potentialAction":[{"@type":"SearchAction","target":{"@type":"EntryPoint","urlTemplate":"https:\/\/www.mycolombianrecipes.com\/es\/?s={search_term_string}"},"query-input":{"@type":"PropertyValueSpecification","valueRequired":true,"valueName":"search_term_string"}}],"inLanguage":"es"},{"@type":"Organization","@id":"https:\/\/www.mycolombianrecipes.com\/es\/#organization","name":"My Colombian Recipes","url":"https:\/\/www.mycolombianrecipes.com\/es\/","logo":{"@type":"ImageObject","inLanguage":"es","@id":"https:\/\/www.mycolombianrecipes.com\/es\/#\/schema\/logo\/image\/","url":"https:\/\/www.mycolombianrecipes.com\/wp-content\/uploads\/2021\/05\/logo.png","contentUrl":"https:\/\/www.mycolombianrecipes.com\/wp-content\/uploads\/2021\/05\/logo.png","width":350,"height":167,"caption":"My Colombian Recipes"},"image":{"@id":"https:\/\/www.mycolombianrecipes.com\/es\/#\/schema\/logo\/image\/"},"sameAs":["https:\/\/www.facebook.com\/mycolombianrecipes\/","https:\/\/x.com\/colombianrecipe","https:\/\/www.instagram.com\/mycolombianrecipes\/","https:\/\/www.pinterest.com\/ericadinho\/","https:\/\/www.youtube.com\/c\/MyColombianRecipesVideos"]}]}},"_links":{"self":[{"href":"https:\/\/www.mycolombianrecipes.com\/es\/wp-json\/wp\/v2\/pages\/26552","targetHints":{"allow":["GET"]}}],"collection":[{"href":"https:\/\/www.mycolombianrecipes.com\/es\/wp-json\/wp\/v2\/pages"}],"about":[{"href":"https:\/\/www.mycolombianrecipes.com\/es\/wp-json\/wp\/v2\/types\/page"}],"author":[{"embeddable":true,"href":"https:\/\/www.mycolombianrecipes.com\/es\/wp-json\/wp\/v2\/users\/1"}],"replies":[{"embeddable":true,"href":"https:\/\/www.mycolombianrecipes.com\/es\/wp-json\/wp\/v2\/comments?post=26552"}],"version-history":[{"count":0,"href":"https:\/\/www.mycolombianrecipes.com\/es\/wp-json\/wp\/v2\/pages\/26552\/revisions"}],"wp:attachment":[{"href":"https:\/\/www.mycolombianrecipes.com\/es\/wp-json\/wp\/v2\/media?parent=26552"}],"curies":[{"name":"wp","href":"https:\/\/api.w.org\/{rel}","templated":true}]}}